{"id":3,"date":"2025-10-29T11:39:55","date_gmt":"2025-10-29T11:39:55","guid":{"rendered":"https:\/\/studioyliniemi.fi\/home\/?page_id=3"},"modified":"2026-01-26T17:11:06","modified_gmt":"2026-01-26T17:11:06","slug":"privacy-policy","status":"publish","type":"page","link":"https:\/\/studioyliniemi.fi\/home\/privacy-policy\/","title":{"rendered":"Privacy Policy"},"content":{"rendered":"<div class=\"et_pb_section_0 et_pb_section et_section_regular et_block_section\">\n<div class=\"et_pb_row_0 et_pb_row et_block_row\">\n<div class=\"et_pb_column_0 et_pb_column et_pb_column_4_4 et-last-child et_block_column et_pb_css_mix_blend_mode_passthrough\">\n<div class=\"et_pb_text_0 et_pb_text et_pb_bg_layout_light et_pb_module et_block_module\"><div class=\"et_pb_text_inner\"><h1><b>TIETOSUOJASELOSTE<\/b><\/h1>\n<p class=\"p3\"><i>T\u00e4m\u00e4 tietosuojaseloste koskee Studio Ylinieme\u00e4, joka on Tmi Seija Yliniemen aputoiminimi.<\/i><i><\/i><\/p>\n<hr \/>\n<h2><b>1. Rekisterinpit\u00e4j\u00e4<\/b><\/h2>\n<p class=\"p3\"><span class=\"s2\"><b>Nimi:<\/b><\/span> Tmi Seija Yliniemi<\/p>\n<p class=\"p3\"><span class=\"s2\"><b>Aputoiminimi:<\/b><\/span> Studio Yliniemi<\/p>\n<p class=\"p3\"><span class=\"s2\"><b>Y-tunnus:<\/b><\/span> 3004099-4<\/p>\n<p class=\"p4\"><b>Puhelinnumero:<\/b><span class=\"s3\"> 040 8230 354<\/span><\/p>\n<p class=\"p3\"><span class=\"s2\"><b>S\u00e4hk\u00f6postiosoite:<\/b><\/span> <a href=\"mailto:seija.yliniemi@designyliniemi.fi,\">seija.yliniemi@designyliniemi.fi,<\/a> <a href=\"mailto:info@studioyliniemi.fi\">info@studioyliniemi.fi<\/a><\/p>\n<hr \/>\n<h2><b>2. Rekisteriasioita hoitava henkil\u00f6<\/b><\/h2>\n<p class=\"p3\"><span class=\"s2\"><b>Yritys:<\/b><\/span> Tmi Seija Yliniemi<\/p>\n<p class=\"p3\"><span class=\"s2\"><b>Nimi:<\/b><\/span> Seija Yliniemi<\/p>\n<p class=\"p4\"><b>Puhelinnumero:<\/b><span class=\"s3\"> 040 8230 354<\/span><\/p>\n<p class=\"p3\"><span class=\"s2\"><b>S\u00e4hk\u00f6posti:<\/b><\/span> <a href=\"mailto:seija.yliniemi@designyliniemi.fi\">seija.yliniemi@designyliniemi.fi<\/a>, <a href=\"mailto:info@studioyliniemi.fi\">info@studioyliniemi.fi<\/a><\/p>\n<hr \/>\n<h2><b>3. Tietosuojasta vastaava henkil\u00f6<\/b><\/h2>\n<p class=\"p3\"><span class=\"s2\"><b>Nimi:<\/b><\/span> Seija Yliniemi<\/p>\n<p class=\"p3\"><span class=\"s2\"><b>S\u00e4hk\u00f6posti:<\/b><\/span> <a href=\"mailto:seija.yliniemi@designyliniemi.fi\">seija.yliniemi@designyliniemi.fi<\/a>, <a href=\"mailto:info@studioyliniemi.fi,\">info@studioyliniemi.fi<\/a><\/p>\n<hr \/>\n<h2><b>4. Henkil\u00f6tietojen k\u00e4sittelyn tarkoitus<\/b><\/h2>\n<p class=\"p3\">Henkil\u00f6tietoja k\u00e4sitell\u00e4\u00e4n asiakassuhteen hoitamiseksi, palveluiden toimittamiseksi, asiakaspalvelun kehitt\u00e4miseksi sek\u00e4 liiketoiminnan kehitt\u00e4miseen liittyv\u00e4\u00e4n analytiikkaan.<\/p>\n<p class=\"p3\">Henkil\u00f6tietojen k\u00e4sittely perustuu:<\/p>\n<ul>\n<li>\n<p class=\"p1\">asiakassuhteeseen<\/p>\n<\/li>\n<li>\n<p class=\"p1\">asiakkaan suostumukseen<\/p>\n<\/li>\n<li>\n<p class=\"p1\">asiakkaan tilaamaan toimeksiantoon tai sopimukseen<\/p>\n<\/li>\n<li>\n<p class=\"p1\">rekisterinpit\u00e4j\u00e4n oikeutettuun etuun<\/p>\n<\/li>\n<\/ul>\n<p class=\"p3\">Tietoja voidaan k\u00e4ytt\u00e4\u00e4 my\u00f6s viestint\u00e4\u00e4n ja markkinointiin asiakkaan antaman suostumuksen perusteella.<\/p>\n<hr \/>\n<h2><b>5. Henkil\u00f6tietojen k\u00e4sittelyn oikeusperuste<\/b><\/h2>\n<p class=\"p3\">Henkil\u00f6tietojen k\u00e4sittelyn oikeusperusteena on EU:n yleisen tietosuoja-asetuksen (GDPR) mukaisesti:<\/p>\n<ul>\n<li>\n<p class=\"p1\">rekister\u00f6idyn suostumus<\/p>\n<\/li>\n<li>\n<p class=\"p1\">sopimuksen t\u00e4yt\u00e4nt\u00f6\u00f6npano<\/p>\n<\/li>\n<li>\n<p class=\"p1\">rekisterinpit\u00e4j\u00e4n oikeutettu etu<\/p>\n<\/li>\n<\/ul>\n<hr \/>\n<h2><b>6. Rekisterin tietosis\u00e4lt\u00f6<\/b><\/h2>\n<p class=\"p3\">Rekisteri voi sis\u00e4lt\u00e4\u00e4 seuraavia tietoja:<\/p>\n<ul>\n<li>\n<p class=\"p1\">henkil\u00f6n nimi tai yrityksen nimi<\/p>\n<\/li>\n<li>\n<p class=\"p1\">yrityksen Y-tunnus (yritysasiakkaat)<\/p>\n<\/li>\n<li>\n<p class=\"p1\">s\u00e4hk\u00f6postiosoite<\/p>\n<\/li>\n<li>\n<p class=\"p1\">puhelinnumero<\/p>\n<\/li>\n<li>\n<p class=\"p1\">viestien ja toimeksiantojen sis\u00e4lt\u00f6<\/p>\n<\/li>\n<\/ul>\n<p class=\"p3\">K\u00e4ytt\u00e4j\u00e4tunnuksia tai salasanoja ei tallenneta avoimeen asiakasrekisteriin.<\/p>\n<hr \/>\n<h2><b>7. Tietojen s\u00e4ilytysaika<\/b><\/h2>\n<p class=\"p3\">Henkil\u00f6tietoja s\u00e4ilytet\u00e4\u00e4n vain niin kauan kuin se on tarpeellista asiakassuhteen hoitamiseksi, sopimusvelvoitteiden t\u00e4ytt\u00e4miseksi tai lain edellytt\u00e4m\u00e4ll\u00e4 tavalla.<\/p>\n<hr \/>\n<h2><b>8. S\u00e4\u00e4nn\u00f6nmukaiset tietol\u00e4hteet<\/b><\/h2>\n<p class=\"p3\">Tietoja ker\u00e4t\u00e4\u00e4n:<\/p>\n<ul>\n<li>\n<p class=\"p1\">rekister\u00f6idylt\u00e4 itselt\u00e4\u00e4n<\/p>\n<\/li>\n<li>\n<p class=\"p1\">viranomaisrekistereist\u00e4 lain sallimissa rajoissa (esim. ytj.fi)<\/p>\n<\/li>\n<li>\n<p class=\"p1\">verkkosivujen k\u00e4yt\u00f6n yhteydess\u00e4 analytiikkaty\u00f6kalujen avulla<\/p>\n<\/li>\n<\/ul>\n<hr \/>\n<h2><b>9. Tietojen luovutus ja siirto EU\/ETA-alueen ulkopuolelle<\/b><\/h2>\n<p class=\"p3\">Tietoja ei luovuteta s\u00e4\u00e4nn\u00f6nmukaisesti kolmansille osapuolille.<\/p>\n<p class=\"p3\">Osa k\u00e4ytetyist\u00e4 teknisist\u00e4 palveluntarjoajista (esim. analytiikka- ja pilvipalvelut) saattaa k\u00e4sitell\u00e4 tietoja EU:n tai Euroopan talousalueen ulkopuolella. T\u00e4ll\u00f6in tietojen siirto perustuu EU:n hyv\u00e4ksymiin suojamekanismeihin.<\/p>\n<hr \/>\n<h2><b>10. Ev\u00e4steet<\/b><\/h2>\n<p class=\"p3\">Verkkosivusto k\u00e4ytt\u00e4\u00e4 ev\u00e4steit\u00e4 ja vastaavia teknologioita sivuston toiminnan varmistamiseksi ja k\u00e4vij\u00e4liikenteen analysoimiseksi.<\/p>\n<p class=\"p3\">Ev\u00e4steiden k\u00e4ytt\u00f6 perustuu k\u00e4ytt\u00e4j\u00e4n antamaan suostumukseen. K\u00e4ytt\u00e4j\u00e4 voi hallita ev\u00e4steasetuksia ev\u00e4stebannerin kautta tai selaimen asetuksista.<\/p>\n<hr \/>\n<h2><b>11. Rekisterin suojaus<\/b><\/h2>\n<p class=\"p3\">Henkil\u00f6tiedot suojataan asianmukaisin teknisin ja organisatorisin toimenpitein. Tietoliikenne on SSL-suojattua ja j\u00e4rjestelm\u00e4t on suojattu k\u00e4ytt\u00e4j\u00e4tunnuksin ja salasanoin.<\/p>\n<hr \/>\n<h2><b>12. Automaattinen p\u00e4\u00e4t\u00f6ksenteko<\/b><\/h2>\n<p class=\"p3\">Rekisteriss\u00e4 ei tehd\u00e4 automaattiseen p\u00e4\u00e4t\u00f6ksentekoon tai profilointiin perustuvia yksitt\u00e4isp\u00e4\u00e4t\u00f6ksi\u00e4 (GDPR artikla 22).<\/p>\n<hr \/>\n<h2><b>13. Rekister\u00f6idyn oikeudet<\/b><\/h2>\n<p class=\"p3\">Rekister\u00f6idyll\u00e4 on oikeus:<\/p>\n<ul>\n<li>\n<p class=\"p1\">tarkastaa itse\u00e4\u00e4n koskevat tiedot<\/p>\n<\/li>\n<li>\n<p class=\"p1\">pyyt\u00e4\u00e4 tietojen oikaisua tai poistamista<\/p>\n<\/li>\n<li>\n<p class=\"p1\">rajoittaa tai vastustaa tietojen k\u00e4sittely\u00e4<\/p>\n<\/li>\n<li>\n<p class=\"p1\">peruuttaa antamansa suostumus<\/p>\n<\/li>\n<li>\n<p class=\"p1\">tehd\u00e4 valitus valvontaviranomaiselle<\/p>\n<\/li>\n<\/ul>\n<p class=\"p3\">Pyynn\u00f6t tulee l\u00e4hett\u00e4\u00e4 kirjallisesti rekisterinpit\u00e4j\u00e4lle.<\/p>\n<hr \/>\n<h2><b>14. Toimenpiteet tietoturvaloukkauksen sattuessa<\/b><\/h2>\n<p class=\"p3\">Mahdollisesta henkil\u00f6tietojen tietoturvaloukkauksesta ilmoitetaan viipym\u00e4tt\u00e4 toimivaltaiselle valvontaviranomaiselle EU:n tietosuoja-asetuksen mukaisesti.<\/p>\n<\/div><\/div>\n<\/div>\n<\/div>\n<\/div>","protected":false},"excerpt":{"rendered":"","protected":false},"author":1,"featured_media":0,"parent":0,"menu_order":0,"comment_status":"closed","ping_status":"open","template":"","meta":{"footnotes":""},"class_list":["post-3","page","type-page","status-publish","hentry"],"yoast_head":"<!-- This site is optimized with the Yoast SEO plugin v27.4 - https:\/\/yoast.com\/product\/yoast-seo-wordpress\/ -->\n<title>Privacy Policy - Studio Yliniemi<\/title>\n<meta name=\"robots\" content=\"index, follow, max-snippet:-1, max-image-preview:large, max-video-preview:-1\" \/>\n<link rel=\"canonical\" href=\"https:\/\/studioyliniemi.fi\/home\/privacy-policy\/\" \/>\n<meta property=\"og:locale\" content=\"fi_FI\" \/>\n<meta property=\"og:type\" content=\"article\" \/>\n<meta property=\"og:title\" content=\"Privacy Policy - Studio Yliniemi\" \/>\n<meta property=\"og:url\" content=\"https:\/\/studioyliniemi.fi\/home\/privacy-policy\/\" \/>\n<meta property=\"og:site_name\" content=\"Studio Yliniemi\" \/>\n<meta property=\"article:modified_time\" content=\"2026-01-26T17:11:06+00:00\" \/>\n<meta name=\"twitter:card\" content=\"summary_large_image\" \/>\n<script type=\"application\/ld+json\" class=\"yoast-schema-graph\">{\"@context\":\"https:\\\/\\\/schema.org\",\"@graph\":[{\"@type\":\"WebPage\",\"@id\":\"https:\\\/\\\/studioyliniemi.fi\\\/home\\\/privacy-policy\\\/\",\"url\":\"https:\\\/\\\/studioyliniemi.fi\\\/home\\\/privacy-policy\\\/\",\"name\":\"Privacy Policy - Studio Yliniemi\",\"isPartOf\":{\"@id\":\"https:\\\/\\\/studioyliniemi.fi\\\/home\\\/#website\"},\"datePublished\":\"2025-10-29T11:39:55+00:00\",\"dateModified\":\"2026-01-26T17:11:06+00:00\",\"breadcrumb\":{\"@id\":\"https:\\\/\\\/studioyliniemi.fi\\\/home\\\/privacy-policy\\\/#breadcrumb\"},\"inLanguage\":\"fi\",\"potentialAction\":[{\"@type\":\"ReadAction\",\"target\":[\"https:\\\/\\\/studioyliniemi.fi\\\/home\\\/privacy-policy\\\/\"]}]},{\"@type\":\"BreadcrumbList\",\"@id\":\"https:\\\/\\\/studioyliniemi.fi\\\/home\\\/privacy-policy\\\/#breadcrumb\",\"itemListElement\":[{\"@type\":\"ListItem\",\"position\":1,\"name\":\"Etusivu\",\"item\":\"https:\\\/\\\/studioyliniemi.fi\\\/home\\\/\"},{\"@type\":\"ListItem\",\"position\":2,\"name\":\"Privacy Policy\"}]},{\"@type\":\"WebSite\",\"@id\":\"https:\\\/\\\/studioyliniemi.fi\\\/home\\\/#website\",\"url\":\"https:\\\/\\\/studioyliniemi.fi\\\/home\\\/\",\"name\":\"Studio Yliniemi\",\"description\":\"Visualinen sivusto\",\"potentialAction\":[{\"@type\":\"SearchAction\",\"target\":{\"@type\":\"EntryPoint\",\"urlTemplate\":\"https:\\\/\\\/studioyliniemi.fi\\\/home\\\/?s={search_term_string}\"},\"query-input\":{\"@type\":\"PropertyValueSpecification\",\"valueRequired\":true,\"valueName\":\"search_term_string\"}}],\"inLanguage\":\"fi\"}]}<\/script>\n<!-- \/ Yoast SEO plugin. -->","yoast_head_json":{"title":"Privacy Policy - Studio Yliniemi","robots":{"index":"index","follow":"follow","max-snippet":"max-snippet:-1","max-image-preview":"max-image-preview:large","max-video-preview":"max-video-preview:-1"},"canonical":"https:\/\/studioyliniemi.fi\/home\/privacy-policy\/","og_locale":"fi_FI","og_type":"article","og_title":"Privacy Policy - Studio Yliniemi","og_url":"https:\/\/studioyliniemi.fi\/home\/privacy-policy\/","og_site_name":"Studio Yliniemi","article_modified_time":"2026-01-26T17:11:06+00:00","twitter_card":"summary_large_image","schema":{"@context":"https:\/\/schema.org","@graph":[{"@type":"WebPage","@id":"https:\/\/studioyliniemi.fi\/home\/privacy-policy\/","url":"https:\/\/studioyliniemi.fi\/home\/privacy-policy\/","name":"Privacy Policy - Studio Yliniemi","isPartOf":{"@id":"https:\/\/studioyliniemi.fi\/home\/#website"},"datePublished":"2025-10-29T11:39:55+00:00","dateModified":"2026-01-26T17:11:06+00:00","breadcrumb":{"@id":"https:\/\/studioyliniemi.fi\/home\/privacy-policy\/#breadcrumb"},"inLanguage":"fi","potentialAction":[{"@type":"ReadAction","target":["https:\/\/studioyliniemi.fi\/home\/privacy-policy\/"]}]},{"@type":"BreadcrumbList","@id":"https:\/\/studioyliniemi.fi\/home\/privacy-policy\/#breadcrumb","itemListElement":[{"@type":"ListItem","position":1,"name":"Etusivu","item":"https:\/\/studioyliniemi.fi\/home\/"},{"@type":"ListItem","position":2,"name":"Privacy Policy"}]},{"@type":"WebSite","@id":"https:\/\/studioyliniemi.fi\/home\/#website","url":"https:\/\/studioyliniemi.fi\/home\/","name":"Studio Yliniemi","description":"Visualinen sivusto","potentialAction":[{"@type":"SearchAction","target":{"@type":"EntryPoint","urlTemplate":"https:\/\/studioyliniemi.fi\/home\/?s={search_term_string}"},"query-input":{"@type":"PropertyValueSpecification","valueRequired":true,"valueName":"search_term_string"}}],"inLanguage":"fi"}]}},"_links":{"self":[{"href":"https:\/\/studioyliniemi.fi\/home\/wp-json\/wp\/v2\/pages\/3","targetHints":{"allow":["GET"]}}],"collection":[{"href":"https:\/\/studioyliniemi.fi\/home\/wp-json\/wp\/v2\/pages"}],"about":[{"href":"https:\/\/studioyliniemi.fi\/home\/wp-json\/wp\/v2\/types\/page"}],"author":[{"embeddable":true,"href":"https:\/\/studioyliniemi.fi\/home\/wp-json\/wp\/v2\/users\/1"}],"replies":[{"embeddable":true,"href":"https:\/\/studioyliniemi.fi\/home\/wp-json\/wp\/v2\/comments?post=3"}],"version-history":[{"count":7,"href":"https:\/\/studioyliniemi.fi\/home\/wp-json\/wp\/v2\/pages\/3\/revisions"}],"predecessor-version":[{"id":532,"href":"https:\/\/studioyliniemi.fi\/home\/wp-json\/wp\/v2\/pages\/3\/revisions\/532"}],"wp:attachment":[{"href":"https:\/\/studioyliniemi.fi\/home\/wp-json\/wp\/v2\/media?parent=3"}],"curies":[{"name":"wp","href":"https:\/\/api.w.org\/{rel}","templated":true}]}}