{"id":468,"date":"2026-01-22T10:15:53","date_gmt":"2026-01-22T10:15:53","guid":{"rendered":"https:\/\/studioyliniemi.fi\/home\/?page_id=468"},"modified":"2026-03-10T15:46:02","modified_gmt":"2026-03-10T15:46:02","slug":"uudet-verkkosivut","status":"publish","type":"page","link":"https:\/\/studioyliniemi.fi\/home\/uudet-verkkosivut\/","title":{"rendered":"Uudet verkkosivut"},"content":{"rendered":"<div class=\"et_pb_section_0 et_pb_section et_section_regular et_block_section\">\n<div class=\"et_pb_row_0 et_pb_row et_block_row\">\n<div class=\"et_pb_column_0 et_pb_column et_pb_column_4_4 et-last-child et_block_column et_pb_css_mix_blend_mode_passthrough\">\n<div class=\"et_pb_text_0 et_pb_text et_pb_bg_layout_light et_pb_module et_block_module et_pb_text_align_center\"><div class=\"et_pb_text_inner\"><h1 style=\"text-align: center;\">Uudet verkkosivut yritykselle<\/h1>\n<\/div><\/div>\n<\/div>\n<\/div>\n\n<div class=\"et_pb_row_1 et_pb_row et_flex_row\">\n<div class=\"et_pb_column_1 et_pb_column et-last-child et_flex_column et_pb_css_mix_blend_mode_passthrough et_flex_column_24_24 et_flex_column_24_24_tablet et_flex_column_24_24_phone\">\n<div class=\"et_pb_text_1 et_pb_text et_pb_bg_layout_light et_pb_module et_flex_module\"><div class=\"et_pb_text_inner\"><h2>Yrityksen verkkosivut eiv\u00e4t ole vain ulkoasu \u2013 ne ovat yrityksesi perusta verkossa.<\/h2>\n<\/div><\/div>\n<\/div>\n<\/div>\n<\/div>\n\n<div class=\"et_pb_section_1 et_pb_section et_section_regular et_block_section\">\n<div class=\"et_pb_row_2 et_pb_row et_flex_row\">\n<div class=\"et_pb_column_2 et_pb_column et_flex_column et_pb_css_mix_blend_mode_passthrough et_flex_column_12_24 et_flex_column_12_24_tablet et_flex_column_24_24_phone\">\n<div class=\"et_pb_text_2 et_pb_text et_pb_bg_layout_light et_pb_module et_flex_module\"><div class=\"et_pb_text_inner\"><h3>Palvelun kuvaus<\/h3>\n<p data-start=\"476\" data-end=\"573\">Kun yritys tarvitsee toimivat ja yrityksesi n\u00e4k\u00f6iset verkkosivut, joilla on selke\u00e4 rakenne.<\/p>\n<p data-start=\"580\" data-end=\"680\">Suunnittelen verkkosivut, jotka kertovat, mit\u00e4 teet, kenelle ja miksi valita juuri yrityksesi.<\/p>\n<p data-start=\"687\" data-end=\"825\">Tavoitteena ei ole vain kaunis lopputulos, vaan sivusto, joka tukee yrityksen arkea ja auttaa asiakkaita ymm\u00e4rt\u00e4m\u00e4\u00e4n palvelut selke\u00e4sti.<\/p>\n<p data-start=\"832\" data-end=\"967\">Verkkosivut rakennetaan yrityksen kivijalaksi:<br data-start=\"882\" data-end=\"885\" \/>helpoiksi p\u00e4ivitt\u00e4\u00e4, loogisiksi k\u00e4ytt\u00e4\u00e4 ja kest\u00e4viksi muuttuvissa tilanteissa.<\/p>\n<p data-start=\"974\" data-end=\"1096\">Hyvin suunniteltu rakenne s\u00e4\u00e4st\u00e4\u00e4 aikaa, selkeytt\u00e4\u00e4 viestint\u00e4\u00e4 ja tekee tarjottavista palveluista helpommin ymm\u00e4rrett\u00e4vi\u00e4.<\/p>\n<\/div><\/div>\n\n<div class=\"et_pb_text_3 et_pb_text et_pb_bg_layout_light et_pb_module et_flex_module\"><div class=\"et_pb_text_inner\"><p data-start=\"225\" data-end=\"363\">Verkkosivusto toteutetaan huolellisesti suunnitellun rakenteen pohjalta ja t\u00e4ytt\u00e4\u00e4 toimivan ja luotettavan verkkosivun keskeiset vaatimukset:<\/p>\n<ul>\n<li data-start=\"368\" data-end=\"720\">Sivusto toimii nopeasti ja luotettavasti<\/li>\n<li data-start=\"368\" data-end=\"720\">Sivusto on turvallinen<\/li>\n<li data-start=\"368\" data-end=\"720\">Sivusto toteutetaan hakukoneyst\u00e4v\u00e4llisen rakenteen pohjalta<\/li>\n<li data-start=\"368\" data-end=\"720\">Google Search Console ja Google Analytics (GA4) liitet\u00e4\u00e4n sivustoon<\/li>\n<li data-start=\"368\" data-end=\"720\">Vierailijatilastot ovat seurattavissa<\/li>\n<li data-start=\"368\" data-end=\"720\">Sivustolla on tietosuoja- ja ev\u00e4steilmoitukset<\/li>\n<li data-start=\"368\" data-end=\"720\">Voit p\u00e4ivitt\u00e4\u00e4 sis\u00e4lt\u00f6\u00e4 helposti itse<\/li>\n<\/ul>\n<\/div><\/div>\n<\/div>\n\n<div class=\"et_pb_column_3 et_pb_column et-last-child et_flex_column et_pb_css_mix_blend_mode_passthrough et_flex_column_12_24 et_flex_column_12_24_tablet et_flex_column_24_24_phone\">\n<div class=\"et_pb_text_4 et_pb_text et_pb_bg_layout_light et_pb_module et_flex_module\"><div class=\"et_pb_text_inner\" data-et-mv-hidden-tablet=\"true\"><h3>Kenelle sopii<\/h3>\n<p>T\u00e4m\u00e4 palvelu sopii, kun yritys tarvitsee uudet verkkosivut tai yrityksell\u00e4 ei viel\u00e4 ole olemassa verkkosivuja.<\/p>\n<h3>Paketti sis\u00e4lt\u00e4\u00e4<\/h3>\n<ul>\n<li>Sivuston rakenteen suunnittelu yrityksen palveluiden ja tavoitteiden pohjalta<\/li>\n<li>Sivupohjan visuaalinen suunnittelu ilmeeseen sopivaksi<\/li>\n<li>Yrityksen ydinviestin kirkastaminen verkkosivuja varten<\/li>\n<li>Perus SEO (otsikkorakenne ja sivun l\u00f6ydett\u00e4vyyden perusta)<\/li>\n<li>Sivuston julkaisu ja tekninen k\u00e4ytt\u00f6\u00f6notto<\/li>\n<li>Selke\u00e4 ohje p\u00e4ivitt\u00e4\u00e4 verkkosivuja jatkossa itse tai vaihtoehtoisesti voit valita yll\u00e4pidon.<\/li>\n<\/ul>\n<p data-start=\"458\" data-end=\"688\"><strong data-start=\"1399\" data-end=\"1426\">Hinta 1 190 \u20ac (alv 0 %).<\/strong><br data-start=\"1426\" data-end=\"1429\" \/>Sis\u00e4lt\u00e4\u00e4 verkkosivukokonaisuuden (1\u20132 sivua), joka toimii yrityksen verkkon\u00e4kyvyyden ja viestinn\u00e4n selke\u00e4n\u00e4 perustana.<\/p>\n<p data-start=\"458\" data-end=\"688\">Lis\u00e4sivut 290 \u20ac \/ sivu (alv 0 %).<\/p>\n<p data-start=\"458\" data-end=\"688\">Laajemmat sivustot toteutetaan erillisen tarjouksen mukaan.<\/p>\n<\/div><\/div>\n<\/div>\n<\/div>\n<\/div>\n\n<div class=\"et_pb_section_2 et_pb_section et_section_regular et_flex_section\">\n<div class=\"et_pb_row_3 et_pb_row et_flex_row\">\n<div class=\"et_pb_column_4 et_pb_column et-last-child et_flex_column et_pb_css_mix_blend_mode_passthrough et_flex_column_24_24 et_flex_column_24_24_tablet et_flex_column_24_24_phone\">\n<div class=\"et_pb_text_5 et_pb_text et_pb_bg_layout_light et_pb_module et_flex_module\"><div class=\"et_pb_text_inner\"><h2 style=\"text-align: center;\">N\u00e4in ty\u00f6skentelen<\/h2>\n<\/div><\/div>\n\n<div class=\"et_pb_blurb_0 et_pb_blurb et_pb_bg_layout_light et_pb_text_align_left et_pb_blurb_position_top et_pb_module et_block_module\"><div class=\"et_pb_blurb_content\"><div class=\"et_pb_blurb_container\"><h4 class=\"et_pb_module_header\">1. Kartoitus<\/h4><div class=\"et_pb_blurb_description\" data-et-mv-hidden-phone=\"true\"><p>Aloitamme kevyell\u00e4 et\u00e4keskustelulla tilanteestasi ja tavoitteistasi.<br data-start=\"404\" data-end=\"407\" \/>Vaihtoehtoisesti voit vastata valmiiseen kyselylomakkeeseen, jonka avulla ker\u00e4\u00e4n tarvittavat tiedot.<br data-start=\"505\" data-end=\"508\" \/>Selvit\u00e4mme, miss\u00e4 yrityksesi on nyt, kenelle verkkosivut on tarkoitettu ja mit\u00e4 niiden tulisi tukea.<br data-start=\"608\" data-end=\"611\" \/>Usein riitt\u00e4\u00e4, ett\u00e4 kerrot l\u00e4ht\u00f6kohdistasi ja toiveistasi \u2013 tarkka suunnitelma ei ole viel\u00e4 tarpeen.<\/p>\n<\/div><\/div><\/div><\/div>\n\n<div class=\"et_pb_blurb_1 et_pb_blurb et_pb_bg_layout_light et_pb_text_align_left et_pb_blurb_position_top et_pb_module et_block_module\"><div class=\"et_pb_blurb_content\"><div class=\"et_pb_blurb_container\"><h4 class=\"et_pb_module_header\">2. Suunnitelma<\/h4><div class=\"et_pb_blurb_description\" data-et-mv-hidden-tablet=\"true\" data-et-mv-hidden-phone=\"true\"><p>Laadin ehdotuksen sivuston rakenteesta, sis\u00e4ll\u00f6st\u00e4 ja visuaalisesta linjasta.<br data-start=\"1918\" data-end=\"1921\" \/>Saat kokonaiskuvan siit\u00e4, miten verkkosivut rakentuvat ja miksi juuri t\u00e4m\u00e4 ratkaisu tukee yrityst\u00e4si.<br data-start=\"2022\" data-end=\"2025\" \/>Varmistamme suunnitelman yhdess\u00e4 ennen toteutukseen siirtymist\u00e4.<\/p>\n<\/div><\/div><\/div><\/div>\n\n<div class=\"et_pb_blurb_2 et_pb_blurb et_pb_bg_layout_light et_pb_text_align_left et_pb_blurb_position_top et_pb_module et_block_module\"><div class=\"et_pb_blurb_content\"><div class=\"et_pb_blurb_container\"><h4 class=\"et_pb_module_header\">3. Toteutus<\/h4><div class=\"et_pb_blurb_description\" data-et-mv-hidden-tablet=\"true\" data-et-mv-hidden-phone=\"true\"><p>Rakennan verkkosivut sovitun suunnitelman pohjalta.<br data-start=\"411\" data-end=\"414\" \/>Ty\u00f6 etenee vaiheittain ja pid\u00e4n sinut ajan tasalla koko prosessin ajan.<br data-start=\"485\" data-end=\"488\" \/>Tavoitteena on selke\u00e4, toimiva ja ajaton kokonaisuus \u2013 ei vain nyt, vaan pitk\u00e4lle eteenp\u00e4in.<\/p>\n<\/div><\/div><\/div><\/div>\n\n<div class=\"et_pb_blurb_3 et_pb_blurb et_pb_bg_layout_light et_pb_text_align_left et_pb_blurb_position_top et_pb_module et_block_module\"><div class=\"et_pb_blurb_content\"><div class=\"et_pb_blurb_container\"><h4 class=\"et_pb_module_header\">4. Luovutus ja tuki<\/h4><div class=\"et_pb_blurb_description\" data-et-mv-hidden-tablet=\"true\" data-et-mv-hidden-phone=\"true\"><p>Saat verkkosivut k\u00e4ytt\u00f6\u00f6si sek\u00e4 selke\u00e4t ohjeet niiden p\u00e4ivitt\u00e4miseen.<br data-start=\"1072\" data-end=\"1075\" \/>K\u00e4ymme yhdess\u00e4 l\u00e4pi sivuston rakenteen ja sis\u00e4ll\u00f6n, jotta tied\u00e4t, miten voit hallita sit\u00e4 jatkossa itse.<\/p>\n<\/div><\/div><\/div><\/div>\n<\/div>\n<\/div>\n<\/div>\n\n<div class=\"et_pb_section_3 et_pb_section et_section_regular et_block_section\">\n<div class=\"et_pb_row_4 et_pb_row et_flex_row\">\n<div class=\"et_pb_column_5 et_pb_column et-last-child et_flex_column et_pb_css_mix_blend_mode_passthrough et_flex_column_24_24 et_flex_column_24_24_tablet et_flex_column_24_24_phone\">\n<div class=\"et_pb_text_6 et_pb_text et_pb_bg_layout_light et_pb_module et_flex_module\"><div class=\"et_pb_text_inner\"><h2 style=\"text-align: center;\">Aikataulu<\/h2>\n<\/div><\/div>\n\n<div class=\"et_pb_text_7 et_pb_text et_pb_bg_layout_light et_pb_module et_flex_module\"><div class=\"et_pb_text_inner\"><p data-start=\"513\" data-end=\"736\" style=\"text-align: center;\">Verkkosivuprojektin laajuus m\u00e4\u00e4r\u00e4ytyy sivuston rakenteen, sis\u00e4ll\u00f6n m\u00e4\u00e4r\u00e4n ja ty\u00f6n kokonaisuuden mukaan. Useimmille yrityksille riitt\u00e4\u00e4 harkittu ja toimiva kokonaisuus, joka koostuu tyypillisesti 1\u20134 sivusta.<\/p>\n<p data-start=\"738\" data-end=\"950\" style=\"text-align: center;\">Projektin toteutus kest\u00e4\u00e4 yleens\u00e4 noin 2\u20135 viikkoa aloituksesta valmiiseen luovutukseen. Aikatauluun vaikuttavat muun muassa sivuston laajuus, sis\u00e4ll\u00f6n l\u00e4ht\u00f6tilanne sek\u00e4 yhteisty\u00f6n ja kommenttikierrosten rytmi.<\/p>\n<p data-start=\"952\" data-end=\"1049\" style=\"text-align: center;\">Huolehdin projektin etenemisest\u00e4 kokonaisuutena, ja tied\u00e4t koko ajan, miss\u00e4 vaiheessa ty\u00f6 etenee.<\/p>\n<\/div><\/div>\n<\/div>\n<\/div>\n<\/div>\n\n<div class=\"et_pb_section_4 et_pb_section et_section_regular et_block_section\">\n<div class=\"et_pb_row_5 et_pb_row et_flex_row\">\n<div class=\"et_pb_column_6 et_pb_column et-last-child et_flex_column et_pb_css_mix_blend_mode_passthrough et_flex_column_24_24 et_flex_column_24_24_tablet et_flex_column_24_24_phone\">\n<div class=\"et_pb_text_8 et_pb_text et_pb_bg_layout_dark et_pb_module et_block_module\"><div class=\"et_pb_text_inner\"><h2>Tehd\u00e4\u00e4n verkkosivuista selke\u00e4 perusta yrityksellesi<\/h2>\n<\/div><\/div>\n\n<div class=\"et_pb_text_9 et_pb_text et_pb_bg_layout_dark et_pb_module et_flex_module\"><div class=\"et_pb_text_inner\"><p style=\"text-align: center;\">Saat verkkosivut, jotka kertovat selke\u00e4sti mit\u00e4 teet \u2013 ja kenelle.<\/p>\n<\/div><\/div>\n<\/div>\n<\/div>\n\n<div class=\"et_pb_row_6 et_pb_row et_flex_row\">\n<div class=\"et_pb_column_7 et_pb_column et-last-child et_flex_column et_pb_css_mix_blend_mode_passthrough et_flex_column_24_24 et_flex_column_24_24_tablet et_flex_column_24_24_phone\">\n<div class=\"et_pb_text_10 et_pb_text et_pb_bg_layout_light et_clickable et_pb_module et_block_module et_flex_column_24_24\"><div class=\"et_pb_text_inner\"><p>Varaa maksuton alkukartoitus<\/p>\n<\/div><\/div>\n<\/div>\n<\/div>\n\n<div class=\"et_pb_row_7 et_pb_row et_flex_row\">\n<div class=\"et_pb_column_8 et_pb_column et-last-child et_flex_column et_pb_css_mix_blend_mode_passthrough et_flex_column_24_24 et_flex_column_24_24_tablet et_flex_column_24_24_phone\">\n<div class=\"et_pb_text_11 et_pb_text et_pb_bg_layout_light et_pb_module et_flex_module\"><div class=\"et_pb_text_inner\"><p style=\"text-align: center;\">Voit my\u00f6s olla suoraan yhteydess\u00e4:<\/p>\n<\/div><\/div>\n\n<div class=\"et_pb_blurb_4 et_pb_blurb et_pb_bg_layout_dark et_pb_text_align_center et_pb_blurb_position_top et_pb_module et_block_module\"><div class=\"et_pb_blurb_content\"><div class=\"et_pb_blurb_container\"><h4 class=\"et_pb_module_header\">S\u00e4hk\u00f6posti<\/h4><div class=\"et_pb_blurb_description\"><p><a href=\"mailto:info@studioyliniemi.fi\">info@studioyliniemi.fi<\/a><\/p>\n<\/div><\/div><\/div><\/div>\n\n<div class=\"et_pb_blurb_5 et_pb_blurb et_pb_bg_layout_dark et_pb_text_align_center et_pb_blurb_position_top et_pb_module et_block_module\"><div class=\"et_pb_blurb_content\"><div class=\"et_pb_blurb_container\"><h4 class=\"et_pb_module_header\">Puhelin<\/h4><div class=\"et_pb_blurb_description\"><p><a href=\"tel:0408230354\">040 8230 354<\/a><\/p>\n<\/div><\/div><\/div><\/div>\n<\/div>\n<\/div>\n<\/div>","protected":false},"excerpt":{"rendered":"","protected":false},"author":1,"featured_media":0,"parent":0,"menu_order":0,"comment_status":"closed","ping_status":"closed","template":"","meta":{"footnotes":""},"class_list":["post-468","page","type-page","status-publish","hentry"],"yoast_head":"<!-- This site is optimized with the Yoast SEO plugin v27.3 - https:\/\/yoast.com\/product\/yoast-seo-wordpress\/ -->\n<title>Uudet verkkosivut yritykselle | Studio Yliniemi<\/title>\n<meta name=\"description\" content=\"Uudet verkkosivut yritykselle, kun haluat selke\u00e4n rakenteen, toimivan sivuston ja viestin, joka on helppo ymm\u00e4rt\u00e4\u00e4.\" \/>\n<meta name=\"robots\" content=\"index, follow, max-snippet:-1, max-image-preview:large, max-video-preview:-1\" \/>\n<link rel=\"canonical\" href=\"https:\/\/studioyliniemi.fi\/home\/uudet-verkkosivut\/\" \/>\n<meta property=\"og:locale\" content=\"fi_FI\" \/>\n<meta property=\"og:type\" content=\"article\" \/>\n<meta property=\"og:title\" content=\"Uudet verkkosivut yritykselle | Studio Yliniemi\" \/>\n<meta property=\"og:description\" content=\"Uudet verkkosivut yritykselle, kun haluat selke\u00e4n rakenteen, toimivan sivuston ja viestin, joka on helppo ymm\u00e4rt\u00e4\u00e4.\" \/>\n<meta property=\"og:url\" content=\"https:\/\/studioyliniemi.fi\/home\/uudet-verkkosivut\/\" \/>\n<meta property=\"og:site_name\" content=\"Studio Yliniemi\" \/>\n<meta property=\"article:modified_time\" content=\"2026-03-10T15:46:02+00:00\" \/>\n<meta name=\"twitter:card\" content=\"summary_large_image\" \/>\n<script type=\"application\/ld+json\" class=\"yoast-schema-graph\">{\"@context\":\"https:\\\/\\\/schema.org\",\"@graph\":[{\"@type\":\"WebPage\",\"@id\":\"https:\\\/\\\/studioyliniemi.fi\\\/home\\\/uudet-verkkosivut\\\/\",\"url\":\"https:\\\/\\\/studioyliniemi.fi\\\/home\\\/uudet-verkkosivut\\\/\",\"name\":\"Uudet verkkosivut yritykselle | Studio Yliniemi\",\"isPartOf\":{\"@id\":\"https:\\\/\\\/studioyliniemi.fi\\\/home\\\/#website\"},\"datePublished\":\"2026-01-22T10:15:53+00:00\",\"dateModified\":\"2026-03-10T15:46:02+00:00\",\"description\":\"Uudet verkkosivut yritykselle, kun haluat selke\u00e4n rakenteen, toimivan sivuston ja viestin, joka on helppo ymm\u00e4rt\u00e4\u00e4.\",\"breadcrumb\":{\"@id\":\"https:\\\/\\\/studioyliniemi.fi\\\/home\\\/uudet-verkkosivut\\\/#breadcrumb\"},\"inLanguage\":\"fi\",\"potentialAction\":[{\"@type\":\"ReadAction\",\"target\":[\"https:\\\/\\\/studioyliniemi.fi\\\/home\\\/uudet-verkkosivut\\\/\"]}]},{\"@type\":\"BreadcrumbList\",\"@id\":\"https:\\\/\\\/studioyliniemi.fi\\\/home\\\/uudet-verkkosivut\\\/#breadcrumb\",\"itemListElement\":[{\"@type\":\"ListItem\",\"position\":1,\"name\":\"Etusivu\",\"item\":\"https:\\\/\\\/studioyliniemi.fi\\\/home\\\/\"},{\"@type\":\"ListItem\",\"position\":2,\"name\":\"Uudet verkkosivut\"}]},{\"@type\":\"WebSite\",\"@id\":\"https:\\\/\\\/studioyliniemi.fi\\\/home\\\/#website\",\"url\":\"https:\\\/\\\/studioyliniemi.fi\\\/home\\\/\",\"name\":\"Studio Yliniemi\",\"description\":\"Visualinen sivusto\",\"potentialAction\":[{\"@type\":\"SearchAction\",\"target\":{\"@type\":\"EntryPoint\",\"urlTemplate\":\"https:\\\/\\\/studioyliniemi.fi\\\/home\\\/?s={search_term_string}\"},\"query-input\":{\"@type\":\"PropertyValueSpecification\",\"valueRequired\":true,\"valueName\":\"search_term_string\"}}],\"inLanguage\":\"fi\"}]}<\/script>\n<!-- \/ Yoast SEO plugin. -->","yoast_head_json":{"title":"Uudet verkkosivut yritykselle | Studio Yliniemi","description":"Uudet verkkosivut yritykselle, kun haluat selke\u00e4n rakenteen, toimivan sivuston ja viestin, joka on helppo ymm\u00e4rt\u00e4\u00e4.","robots":{"index":"index","follow":"follow","max-snippet":"max-snippet:-1","max-image-preview":"max-image-preview:large","max-video-preview":"max-video-preview:-1"},"canonical":"https:\/\/studioyliniemi.fi\/home\/uudet-verkkosivut\/","og_locale":"fi_FI","og_type":"article","og_title":"Uudet verkkosivut yritykselle | Studio Yliniemi","og_description":"Uudet verkkosivut yritykselle, kun haluat selke\u00e4n rakenteen, toimivan sivuston ja viestin, joka on helppo ymm\u00e4rt\u00e4\u00e4.","og_url":"https:\/\/studioyliniemi.fi\/home\/uudet-verkkosivut\/","og_site_name":"Studio Yliniemi","article_modified_time":"2026-03-10T15:46:02+00:00","twitter_card":"summary_large_image","schema":{"@context":"https:\/\/schema.org","@graph":[{"@type":"WebPage","@id":"https:\/\/studioyliniemi.fi\/home\/uudet-verkkosivut\/","url":"https:\/\/studioyliniemi.fi\/home\/uudet-verkkosivut\/","name":"Uudet verkkosivut yritykselle | Studio Yliniemi","isPartOf":{"@id":"https:\/\/studioyliniemi.fi\/home\/#website"},"datePublished":"2026-01-22T10:15:53+00:00","dateModified":"2026-03-10T15:46:02+00:00","description":"Uudet verkkosivut yritykselle, kun haluat selke\u00e4n rakenteen, toimivan sivuston ja viestin, joka on helppo ymm\u00e4rt\u00e4\u00e4.","breadcrumb":{"@id":"https:\/\/studioyliniemi.fi\/home\/uudet-verkkosivut\/#breadcrumb"},"inLanguage":"fi","potentialAction":[{"@type":"ReadAction","target":["https:\/\/studioyliniemi.fi\/home\/uudet-verkkosivut\/"]}]},{"@type":"BreadcrumbList","@id":"https:\/\/studioyliniemi.fi\/home\/uudet-verkkosivut\/#breadcrumb","itemListElement":[{"@type":"ListItem","position":1,"name":"Etusivu","item":"https:\/\/studioyliniemi.fi\/home\/"},{"@type":"ListItem","position":2,"name":"Uudet verkkosivut"}]},{"@type":"WebSite","@id":"https:\/\/studioyliniemi.fi\/home\/#website","url":"https:\/\/studioyliniemi.fi\/home\/","name":"Studio Yliniemi","description":"Visualinen sivusto","potentialAction":[{"@type":"SearchAction","target":{"@type":"EntryPoint","urlTemplate":"https:\/\/studioyliniemi.fi\/home\/?s={search_term_string}"},"query-input":{"@type":"PropertyValueSpecification","valueRequired":true,"valueName":"search_term_string"}}],"inLanguage":"fi"}]}},"_links":{"self":[{"href":"https:\/\/studioyliniemi.fi\/home\/wp-json\/wp\/v2\/pages\/468","targetHints":{"allow":["GET"]}}],"collection":[{"href":"https:\/\/studioyliniemi.fi\/home\/wp-json\/wp\/v2\/pages"}],"about":[{"href":"https:\/\/studioyliniemi.fi\/home\/wp-json\/wp\/v2\/types\/page"}],"author":[{"embeddable":true,"href":"https:\/\/studioyliniemi.fi\/home\/wp-json\/wp\/v2\/users\/1"}],"replies":[{"embeddable":true,"href":"https:\/\/studioyliniemi.fi\/home\/wp-json\/wp\/v2\/comments?post=468"}],"version-history":[{"count":57,"href":"https:\/\/studioyliniemi.fi\/home\/wp-json\/wp\/v2\/pages\/468\/revisions"}],"predecessor-version":[{"id":1003,"href":"https:\/\/studioyliniemi.fi\/home\/wp-json\/wp\/v2\/pages\/468\/revisions\/1003"}],"wp:attachment":[{"href":"https:\/\/studioyliniemi.fi\/home\/wp-json\/wp\/v2\/media?parent=468"}],"curies":[{"name":"wp","href":"https:\/\/api.w.org\/{rel}","templated":true}]}}