{"id":494,"date":"2026-01-22T14:45:18","date_gmt":"2026-01-22T14:45:18","guid":{"rendered":"https:\/\/studioyliniemi.fi\/home\/?page_id=494"},"modified":"2026-04-08T16:02:50","modified_gmt":"2026-04-08T16:02:50","slug":"rakenne-ja-sisalto","status":"publish","type":"page","link":"https:\/\/studioyliniemi.fi\/home\/rakenne-ja-sisalto\/","title":{"rendered":"Verkkosivujen rakenne- ja sis\u00e4lt\u00f6analyysi"},"content":{"rendered":"<div class=\"et_pb_section_0 et_pb_section et_section_regular et_block_section\">\n<div class=\"et_pb_row_0 et_pb_row et_block_row\">\n<div class=\"et_pb_column_0 et_pb_column et_pb_column_4_4 et-last-child et_block_column et_pb_css_mix_blend_mode_passthrough\">\n<div class=\"et_pb_text_0 et_pb_text et_pb_bg_layout_light et_pb_module et_block_module et_pb_text_align_center\"><div class=\"et_pb_text_inner\"><h1 style=\"text-align: center;\">Verkkosivujen rakenne- ja sis\u00e4lt\u00f6analyysi<\/h1>\n<\/div><\/div>\n<\/div>\n<\/div>\n\n<div class=\"et_pb_row_1 et_pb_row et_flex_row\">\n<div class=\"et_pb_column_1 et_pb_column et-last-child et_flex_column et_pb_css_mix_blend_mode_passthrough et_flex_column_24_24 et_flex_column_24_24_tablet et_flex_column_24_24_phone\">\n<div class=\"et_pb_text_1 et_pb_text et_pb_bg_layout_light et_pb_module et_flex_module\"><div class=\"et_pb_text_inner\"><h2>Selke\u00e4 analyysi verkkosivujesi rakenteesta, viestist\u00e4 ja kehityskohdista.<\/h2>\n<\/div><\/div>\n<\/div>\n<\/div>\n<\/div>\n\n<div class=\"et_pb_section_1 et_pb_section et_section_regular et_block_section\">\n<div class=\"et_pb_row_2 et_pb_row et_flex_row\">\n<div class=\"et_pb_column_2 et_pb_column et_flex_column et_pb_css_mix_blend_mode_passthrough et_flex_column_12_24 et_flex_column_12_24_tablet et_flex_column_24_24_phone\">\n<div class=\"et_pb_text_2 et_pb_text et_pb_bg_layout_light et_pb_module et_flex_module\"><div class=\"et_pb_text_inner\" data-et-mv-hidden-tablet=\"true\"><h3>Palvelun kuvaus<\/h3>\n<p data-start=\"460\" data-end=\"541\">Etk\u00f6 ole varma, onko verkkosivustosi turvallinen tai toimiiko se kuten pit\u00e4isi?<\/p>\n<p data-start=\"548\" data-end=\"660\">Saat selke\u00e4n asiantuntijan n\u00e4kemyksen siit\u00e4, mit\u00e4 sivustollasi tapahtuu \u2013 ja mit\u00e4 kannattaa tehd\u00e4 seuraavaksi.<\/p>\n<p data-start=\"667\" data-end=\"904\">K\u00e4yn verkkosivustosi l\u00e4pi ja tunnistan, mik\u00e4 toimii, mik\u00e4 h\u00e4m\u00e4rt\u00e4\u00e4 viesti\u00e4 ja mit\u00e4 kannattaa kehitt\u00e4\u00e4 ensimm\u00e4iseksi. Saat ulkopuolisen n\u00e4kemyksen siihen, mik\u00e4 tukee yrityst\u00e4si \u2013 ja miss\u00e4 rakenteessa tai viestiss\u00e4 on viel\u00e4 kehitett\u00e4v\u00e4\u00e4.<\/p>\n<p data-start=\"458\" data-end=\"688\"><em>Usein suurin muutos syntyy poistamalla turhaa \u2013 ei lis\u00e4\u00e4m\u00e4ll\u00e4 sis\u00e4lt\u00f6\u00e4.<\/em><\/p>\n<\/div><\/div>\n\n<div class=\"et_pb_text_3 et_pb_text et_pb_bg_layout_light et_pb_module et_flex_module\"><div class=\"et_pb_text_inner\"><h3 data-start=\"504\" data-end=\"520\">Toteutustapa<\/h3>\n<p data-start=\"522\" data-end=\"567\">Analyysi voidaan toteuttaa tilanteesi mukaan:<\/p>\n<p data-start=\"569\" data-end=\"836\">\u2022 <strong data-start=\"571\" data-end=\"588\">S\u00e4hk\u00f6postitse<\/strong> \u2013 l\u00e4het\u00e4t verkkosivuston ja lyhyen kuvauksen tilanteesta.<br data-start=\"669\" data-end=\"672\" \/>\u2022 <strong data-start=\"674\" data-end=\"696\">Teams-keskusteluna<\/strong> \u2013 k\u00e4ymme sivuston l\u00e4pi yhdess\u00e4 ja saat yhteenvedon j\u00e4lkeenp\u00e4in.<br data-start=\"760\" data-end=\"763\" \/>\u2022 <strong data-start=\"765\" data-end=\"777\">Puheluna<\/strong> \u2013 nopea l\u00e4pik\u00e4ynti ja kirjallinen yhteenveto s\u00e4hk\u00f6postiin.<\/p>\n<p data-start=\"838\" data-end=\"889\">Valitaan tapa, joka toimii tilanteessasi parhaiten.<\/p>\n<\/div><\/div>\n<\/div>\n\n<div class=\"et_pb_column_3 et_pb_column et-last-child et_flex_column et_pb_css_mix_blend_mode_passthrough et_flex_column_12_24 et_flex_column_12_24_tablet et_flex_column_24_24_phone\">\n<div class=\"et_pb_text_4 et_pb_text et_pb_bg_layout_light et_pb_module et_flex_module\"><div class=\"et_pb_text_inner\"><h3>Kenelle sopii<\/h3>\n<p>T\u00e4m\u00e4 palvelu sopii erityisesti silloin, kun haluat ymm\u00e4rt\u00e4\u00e4, mit\u00e4 sivustolla kannattaa muuttaa ennen suurempaa uudistusta tai verkkosivuprojektia.<\/p>\n<h3>Paketti sis\u00e4lt\u00e4\u00e4<\/h3>\n<ul>\n<li>Sivuston rakenteen ja sivupohjan l\u00e4pik\u00e4ynti<\/li>\n<li>Tekstien j\u00e4sent\u00e4misen ja kirkastusehdotukset l\u00e4ht\u00f6aineistosta<\/li>\n<li>Saat selke\u00e4n yhteenvedon ja toimenpide-ehdotukset s\u00e4hk\u00f6postitse tai et\u00e4palaverissa.<\/li>\n<\/ul>\n<p data-start=\"452\" data-end=\"546\"><strong data-start=\"452\" data-end=\"546\">Voit aloittaa kevyemm\u00e4ll\u00e4 kartoituksella tai valita laajemman analyysin tilanteesi mukaan.<\/strong><\/p>\n<p data-start=\"548\" data-end=\"716\"><strong data-start=\"548\" data-end=\"582\">Kevyt kartoitus 190 \u20ac (alv 0%)<\/strong><br data-start=\"582\" data-end=\"585\" \/>Nopea asiantuntijan n\u00e4kemys sivustosi tilanteesta ja t\u00e4rkeimmist\u00e4 kehityskohdista.<br data-start=\"667\" data-end=\"670\" \/>Saat suunnan, mihin kannattaa keskitty\u00e4 ensin.<\/p>\n<p data-start=\"718\" data-end=\"844\"><strong data-start=\"718\" data-end=\"754\">Laajempi analyysi 490 \u20ac (alv 0%)<\/strong><br data-start=\"754\" data-end=\"757\" \/>Sis\u00e4lt\u00e4\u00e4 tarkemman l\u00e4pik\u00e4ynnin, selke\u00e4n yhteenvedon ja konkreettiset kehitysehdotukset.<\/p>\n<\/div><\/div>\n<\/div>\n<\/div>\n<\/div>\n\n<div class=\"et_pb_section_2 et_pb_section et_section_regular et_flex_section\">\n<div class=\"et_pb_row_3 et_pb_row et_flex_row\">\n<div class=\"et_pb_column_4 et_pb_column et-last-child et_flex_column et_pb_css_mix_blend_mode_passthrough et_flex_column_24_24 et_flex_column_24_24_tablet et_flex_column_24_24_phone\">\n<div class=\"et_pb_text_5 et_pb_text et_pb_bg_layout_light et_pb_module et_flex_module\"><div class=\"et_pb_text_inner\"><h2 style=\"text-align: center;\">Miten analyysi etenee<\/h2>\n<\/div><\/div>\n<\/div>\n<\/div>\n\n<div class=\"et_pb_row_4 et_pb_row et_flex_row\">\n<div class=\"et_pb_column_5 et_pb_column et-last-child et_flex_column et_pb_css_mix_blend_mode_passthrough et_flex_column_24_24 et_flex_column_24_24_tablet et_flex_column_24_24_phone\">\n<div class=\"et_pb_blurb_0 et_pb_blurb et_pb_bg_layout_light et_pb_text_align_left et_pb_blurb_position_top et_pb_module et_block_module\"><div class=\"et_pb_blurb_content\"><div class=\"et_pb_blurb_container\"><h4 class=\"et_pb_module_header\">1. L\u00e4ht\u00f6tilanne<\/h4><div class=\"et_pb_blurb_description\" data-et-mv-hidden-phone=\"true\"><p>Tarkastelen verkkosivustosi rakennetta, sis\u00e4lt\u00f6\u00e4 ja viesti\u00e4 kokonaisuutena sek\u00e4 tunnistan kohdat, joissa sivusto toimii ja miss\u00e4 viesti kaipaa selkeytyst\u00e4. Saat selke\u00e4n suunnan siihen, mit\u00e4 kannattaa kirkastaa, mit\u00e4 poistaa ja mihin keskitty\u00e4 ensin.<\/p>\n<\/div><\/div><\/div><\/div>\n\n<div class=\"et_pb_blurb_1 et_pb_blurb et_pb_bg_layout_light et_pb_text_align_left et_pb_blurb_position_top et_pb_module et_block_module\"><div class=\"et_pb_blurb_content\"><div class=\"et_pb_blurb_container\"><h4 class=\"et_pb_module_header\">2. Yhteenveto<\/h4><div class=\"et_pb_blurb_description\" data-et-mv-hidden-phone=\"true\"><p>Saat kirjallisen yhteenvedon s\u00e4hk\u00f6postiin \u2013 jotta voit toteuttaa muutokset itse.<\/p>\n<\/div><\/div><\/div><\/div>\n<\/div>\n<\/div>\n<\/div>\n\n<div class=\"et_pb_section_3 et_pb_section et_section_regular et_block_section\">\n<div class=\"et_pb_row_5 et_pb_row et_flex_row\">\n<div class=\"et_pb_column_6 et_pb_column et-last-child et_flex_column et_pb_css_mix_blend_mode_passthrough et_flex_column_24_24 et_flex_column_24_24_tablet et_flex_column_24_24_phone\">\n<div class=\"et_pb_text_6 et_pb_text et_pb_bg_layout_dark et_pb_module et_block_module\"><div class=\"et_pb_text_inner\"><h2>Selkeytet\u00e4\u00e4n verkkosivujesi rakenne ja viesti<\/h2>\n<\/div><\/div>\n\n<div class=\"et_pb_text_7 et_pb_text et_pb_bg_layout_dark et_pb_module et_flex_module\"><div class=\"et_pb_text_inner\"><p style=\"text-align: center;\">Kun viesti kirkastuu, n\u00e4kyvyys vahvistuu.<\/p>\n<\/div><\/div>\n<\/div>\n<\/div>\n\n<div class=\"et_pb_row_6 et_pb_row et_flex_row\">\n<div class=\"et_pb_column_7 et_pb_column et-last-child et_flex_column et_pb_css_mix_blend_mode_passthrough et_flex_column_24_24 et_flex_column_24_24_tablet et_flex_column_24_24_phone\">\n<div class=\"et_pb_text_8 et_pb_text et_pb_bg_layout_light et_clickable et_pb_module et_block_module et_flex_column_24_24\"><div class=\"et_pb_text_inner\" data-et-mv-hidden-phone=\"true\"><p>Varaa palvelu<\/p>\n<\/div><\/div>\n<\/div>\n<\/div>\n\n<div class=\"et_pb_row_7 et_pb_row et_flex_row\">\n<div class=\"et_pb_column_8 et_pb_column et-last-child et_flex_column et_pb_css_mix_blend_mode_passthrough et_flex_column_24_24 et_flex_column_24_24_tablet et_flex_column_24_24_phone\">\n<div class=\"et_pb_text_9 et_pb_text et_pb_bg_layout_light et_pb_module et_flex_module\"><div class=\"et_pb_text_inner\"><p style=\"text-align: center;\">Voit my\u00f6s olla suoraan yhteydess\u00e4:<\/p>\n<\/div><\/div>\n\n<div class=\"et_pb_blurb_2 et_pb_blurb et_pb_bg_layout_dark et_pb_text_align_center et_pb_blurb_position_top et_pb_module et_block_module\"><div class=\"et_pb_blurb_content\"><div class=\"et_pb_blurb_container\"><h4 class=\"et_pb_module_header\">S\u00e4hk\u00f6posti<\/h4><div class=\"et_pb_blurb_description\"><p><a href=\"mailto:info@studioyliniemi.fi\">info@studioyliniemi.fi<\/a><\/p>\n<\/div><\/div><\/div><\/div>\n\n<div class=\"et_pb_blurb_3 et_pb_blurb et_pb_bg_layout_dark et_pb_text_align_center et_pb_blurb_position_top et_pb_module et_block_module\"><div class=\"et_pb_blurb_content\"><div class=\"et_pb_blurb_container\"><h4 class=\"et_pb_module_header\">Puhelin<\/h4><div class=\"et_pb_blurb_description\"><p><a href=\"tel:0408230354\">040 8230 354<\/a><\/p>\n<\/div><\/div><\/div><\/div>\n<\/div>\n<\/div>\n<\/div>","protected":false},"excerpt":{"rendered":"","protected":false},"author":1,"featured_media":0,"parent":0,"menu_order":0,"comment_status":"closed","ping_status":"closed","template":"","meta":{"footnotes":""},"class_list":["post-494","page","type-page","status-publish","hentry"],"yoast_head":"<!-- This site is optimized with the Yoast SEO plugin v27.4 - https:\/\/yoast.com\/product\/yoast-seo-wordpress\/ -->\n<title>Verkkosivujen rakenne- ja sis\u00e4lt\u00f6analyysi yrityksille | Studio Yliniemi<\/title>\n<meta name=\"description\" content=\"Verkkosivujen rakenne- ja sis\u00e4lt\u00f6analyysi tunnistaa, mik\u00e4 sivustolla toimii ja mit\u00e4 kehitt\u00e4\u00e4. Selke\u00e4t havainnot ja kehitysehdotukset.\" \/>\n<meta name=\"robots\" content=\"index, follow, max-snippet:-1, max-image-preview:large, max-video-preview:-1\" \/>\n<link rel=\"canonical\" href=\"https:\/\/studioyliniemi.fi\/home\/rakenne-ja-sisalto\/\" \/>\n<meta property=\"og:locale\" content=\"fi_FI\" \/>\n<meta property=\"og:type\" content=\"article\" \/>\n<meta property=\"og:title\" content=\"Verkkosivujen rakenne- ja sis\u00e4lt\u00f6analyysi yrityksille | Studio Yliniemi\" \/>\n<meta property=\"og:description\" content=\"Verkkosivujen rakenne- ja sis\u00e4lt\u00f6analyysi tunnistaa, mik\u00e4 sivustolla toimii ja mit\u00e4 kehitt\u00e4\u00e4. Selke\u00e4t havainnot ja kehitysehdotukset.\" \/>\n<meta property=\"og:url\" content=\"https:\/\/studioyliniemi.fi\/home\/rakenne-ja-sisalto\/\" \/>\n<meta property=\"og:site_name\" content=\"Studio Yliniemi\" \/>\n<meta property=\"article:modified_time\" content=\"2026-04-08T16:02:50+00:00\" \/>\n<meta name=\"twitter:card\" content=\"summary_large_image\" \/>\n<script type=\"application\/ld+json\" class=\"yoast-schema-graph\">{\"@context\":\"https:\\\/\\\/schema.org\",\"@graph\":[{\"@type\":\"WebPage\",\"@id\":\"https:\\\/\\\/studioyliniemi.fi\\\/home\\\/rakenne-ja-sisalto\\\/\",\"url\":\"https:\\\/\\\/studioyliniemi.fi\\\/home\\\/rakenne-ja-sisalto\\\/\",\"name\":\"Verkkosivujen rakenne- ja sis\u00e4lt\u00f6analyysi yrityksille | Studio Yliniemi\",\"isPartOf\":{\"@id\":\"https:\\\/\\\/studioyliniemi.fi\\\/home\\\/#website\"},\"datePublished\":\"2026-01-22T14:45:18+00:00\",\"dateModified\":\"2026-04-08T16:02:50+00:00\",\"description\":\"Verkkosivujen rakenne- ja sis\u00e4lt\u00f6analyysi tunnistaa, mik\u00e4 sivustolla toimii ja mit\u00e4 kehitt\u00e4\u00e4. Selke\u00e4t havainnot ja kehitysehdotukset.\",\"breadcrumb\":{\"@id\":\"https:\\\/\\\/studioyliniemi.fi\\\/home\\\/rakenne-ja-sisalto\\\/#breadcrumb\"},\"inLanguage\":\"fi\",\"potentialAction\":[{\"@type\":\"ReadAction\",\"target\":[\"https:\\\/\\\/studioyliniemi.fi\\\/home\\\/rakenne-ja-sisalto\\\/\"]}]},{\"@type\":\"BreadcrumbList\",\"@id\":\"https:\\\/\\\/studioyliniemi.fi\\\/home\\\/rakenne-ja-sisalto\\\/#breadcrumb\",\"itemListElement\":[{\"@type\":\"ListItem\",\"position\":1,\"name\":\"Etusivu\",\"item\":\"https:\\\/\\\/studioyliniemi.fi\\\/home\\\/\"},{\"@type\":\"ListItem\",\"position\":2,\"name\":\"Verkkosivujen rakenne- ja sis\u00e4lt\u00f6analyysi\"}]},{\"@type\":\"WebSite\",\"@id\":\"https:\\\/\\\/studioyliniemi.fi\\\/home\\\/#website\",\"url\":\"https:\\\/\\\/studioyliniemi.fi\\\/home\\\/\",\"name\":\"Studio Yliniemi\",\"description\":\"Visualinen sivusto\",\"potentialAction\":[{\"@type\":\"SearchAction\",\"target\":{\"@type\":\"EntryPoint\",\"urlTemplate\":\"https:\\\/\\\/studioyliniemi.fi\\\/home\\\/?s={search_term_string}\"},\"query-input\":{\"@type\":\"PropertyValueSpecification\",\"valueRequired\":true,\"valueName\":\"search_term_string\"}}],\"inLanguage\":\"fi\"}]}<\/script>\n<!-- \/ Yoast SEO plugin. -->","yoast_head_json":{"title":"Verkkosivujen rakenne- ja sis\u00e4lt\u00f6analyysi yrityksille | Studio Yliniemi","description":"Verkkosivujen rakenne- ja sis\u00e4lt\u00f6analyysi tunnistaa, mik\u00e4 sivustolla toimii ja mit\u00e4 kehitt\u00e4\u00e4. Selke\u00e4t havainnot ja kehitysehdotukset.","robots":{"index":"index","follow":"follow","max-snippet":"max-snippet:-1","max-image-preview":"max-image-preview:large","max-video-preview":"max-video-preview:-1"},"canonical":"https:\/\/studioyliniemi.fi\/home\/rakenne-ja-sisalto\/","og_locale":"fi_FI","og_type":"article","og_title":"Verkkosivujen rakenne- ja sis\u00e4lt\u00f6analyysi yrityksille | Studio Yliniemi","og_description":"Verkkosivujen rakenne- ja sis\u00e4lt\u00f6analyysi tunnistaa, mik\u00e4 sivustolla toimii ja mit\u00e4 kehitt\u00e4\u00e4. Selke\u00e4t havainnot ja kehitysehdotukset.","og_url":"https:\/\/studioyliniemi.fi\/home\/rakenne-ja-sisalto\/","og_site_name":"Studio Yliniemi","article_modified_time":"2026-04-08T16:02:50+00:00","twitter_card":"summary_large_image","schema":{"@context":"https:\/\/schema.org","@graph":[{"@type":"WebPage","@id":"https:\/\/studioyliniemi.fi\/home\/rakenne-ja-sisalto\/","url":"https:\/\/studioyliniemi.fi\/home\/rakenne-ja-sisalto\/","name":"Verkkosivujen rakenne- ja sis\u00e4lt\u00f6analyysi yrityksille | Studio Yliniemi","isPartOf":{"@id":"https:\/\/studioyliniemi.fi\/home\/#website"},"datePublished":"2026-01-22T14:45:18+00:00","dateModified":"2026-04-08T16:02:50+00:00","description":"Verkkosivujen rakenne- ja sis\u00e4lt\u00f6analyysi tunnistaa, mik\u00e4 sivustolla toimii ja mit\u00e4 kehitt\u00e4\u00e4. Selke\u00e4t havainnot ja kehitysehdotukset.","breadcrumb":{"@id":"https:\/\/studioyliniemi.fi\/home\/rakenne-ja-sisalto\/#breadcrumb"},"inLanguage":"fi","potentialAction":[{"@type":"ReadAction","target":["https:\/\/studioyliniemi.fi\/home\/rakenne-ja-sisalto\/"]}]},{"@type":"BreadcrumbList","@id":"https:\/\/studioyliniemi.fi\/home\/rakenne-ja-sisalto\/#breadcrumb","itemListElement":[{"@type":"ListItem","position":1,"name":"Etusivu","item":"https:\/\/studioyliniemi.fi\/home\/"},{"@type":"ListItem","position":2,"name":"Verkkosivujen rakenne- ja sis\u00e4lt\u00f6analyysi"}]},{"@type":"WebSite","@id":"https:\/\/studioyliniemi.fi\/home\/#website","url":"https:\/\/studioyliniemi.fi\/home\/","name":"Studio Yliniemi","description":"Visualinen sivusto","potentialAction":[{"@type":"SearchAction","target":{"@type":"EntryPoint","urlTemplate":"https:\/\/studioyliniemi.fi\/home\/?s={search_term_string}"},"query-input":{"@type":"PropertyValueSpecification","valueRequired":true,"valueName":"search_term_string"}}],"inLanguage":"fi"}]}},"_links":{"self":[{"href":"https:\/\/studioyliniemi.fi\/home\/wp-json\/wp\/v2\/pages\/494","targetHints":{"allow":["GET"]}}],"collection":[{"href":"https:\/\/studioyliniemi.fi\/home\/wp-json\/wp\/v2\/pages"}],"about":[{"href":"https:\/\/studioyliniemi.fi\/home\/wp-json\/wp\/v2\/types\/page"}],"author":[{"embeddable":true,"href":"https:\/\/studioyliniemi.fi\/home\/wp-json\/wp\/v2\/users\/1"}],"replies":[{"embeddable":true,"href":"https:\/\/studioyliniemi.fi\/home\/wp-json\/wp\/v2\/comments?post=494"}],"version-history":[{"count":36,"href":"https:\/\/studioyliniemi.fi\/home\/wp-json\/wp\/v2\/pages\/494\/revisions"}],"predecessor-version":[{"id":1117,"href":"https:\/\/studioyliniemi.fi\/home\/wp-json\/wp\/v2\/pages\/494\/revisions\/1117"}],"wp:attachment":[{"href":"https:\/\/studioyliniemi.fi\/home\/wp-json\/wp\/v2\/media?parent=494"}],"curies":[{"name":"wp","href":"https:\/\/api.w.org\/{rel}","templated":true}]}}